{"id":866,"date":"2015-02-18T16:22:42","date_gmt":"2015-02-18T16:22:42","guid":{"rendered":"http:\/\/axeasy.cre-eight.be\/about-us\/"},"modified":"2020-05-06T11:07:01","modified_gmt":"2020-05-06T11:07:01","slug":"a-propos-de-nous","status":"publish","type":"page","link":"http:\/\/axeasy.be\/fr\/a-propos-de-nous\/","title":{"rendered":"\u00c0 propos de nous"},"content":{"rendered":"<p>\n\n    <div class=\"  glacier-section light-color custom-bg pl\" style=\"padding-top: 45px; padding-bottom: 45px; \" id=\"section-5667eef86b7d9\">\n        <div data-stellar-background-ratio=\"0.4\"  class=\"parallax  dark-translucent-bg\" style=\"background: url('\/\/138.91.51.152\/wp-content\/uploads\/2017\/12\/skyline-brussel-1.jpg'); background-size: cover; background-attachment: fixed\"><\/div>\n        <div class=\"container\">        \n<div class=\"row\">\n\t\n\n<div class=\"col-xs-12 col-sm-12\" style=\"background: transparent  \">\n\t\n<div class=\"heading-block text-left heading-block-line\">\n\t<h1 class=\"special-heading\" >BIENVENUE CHEZ AXEASY<\/h1>\n\t<\/div><\/div><\/div>\n\n\n<div class=\"row\">\n\t\n\n<div class=\"col-xs-12 col-sm-12\" style=\"background: transparent  \">\n\t<div class=\"text-block shortcode-container\" style=\"font-size: 18px;\">\n\t<p>Votre partenaire dans les Solutions Outsourcing!<\/p><\/div><\/div><\/div>\n\n        <\/div>    <\/div>\n\n\n            <div class=\"glacier-section\" style=\"padding-top: 45px; padding-bottom: 45px; \" id=\"section-5667eef8837a6\">\n            <div class=\"container\">\n                <section>\n                    \n<div class=\"row\">\n\t\n\n<div class=\"col-xs-12 col-sm-12\" style=\"background: transparent  \">\n\t\n<div class=\"heading-block text-left heading-block-line\">\n\t<h2 class=\"special-heading\" >Pourquoi Axeasy?<\/h2>\n\t<\/div><\/div><\/div>\n\n\n<div class=\"row\">\n\t\n\n<div class=\"col-xs-12 col-sm-6\" style=\"background: transparent  top left no-repeat scroll;\">\n\t\n<ul class=\"list-triangle\">\n            <li class=\"object-non-visible\" data-animation-effect=\"fade-in-up\" data-effect-delay=\"100\">\n            <strong>Axeasy<\/strong> offre plusieurs services qui assurent \u00e0 ses clients un acc\u00e8s facile (Easy Access) au march\u00e9 belge du travail.                            <i class=\"fa fa-check\"><\/i>\n                    <\/li>\n            <li class=\"object-non-visible\" data-animation-effect=\"fade-in-up\" data-effect-delay=\"200\">\n            <strong>Axeasy<\/strong> s'est sp\u00e9cialis\u00e9 dans presque tous les aspects administratifs de l'embauche et de l'emploi de personnel national et international en Belgique.                            <i class=\"fa fa-check\"><\/i>\n                    <\/li>\n            <li class=\"object-non-visible\" data-animation-effect=\"fade-in-up\" data-effect-delay=\"300\">\n            <strong>Axeasy<\/strong> est disponible pour tous ceux qui sont actifs sur le march\u00e9 du travail en Belgique (ou qui d\u00e9sirent l'\u00eatre), en tant qu'employ\u00e9, en tant qu'ind\u00e9pendant, en tant qu'employeur ou en tant qu'agence de recrutement.                            <i class=\"fa fa-check\"><\/i>\n                    <\/li>\n            <li class=\"object-non-visible\" data-animation-effect=\"fade-in-up\" data-effect-delay=\"400\">\n            <strong>Axeasy's<\/strong> offre un service personnalis\u00e9, confidentiel et neutre afin que toutes les parties concern\u00e9es y trouvent leur int\u00e9r\u00eat et soient servies de fa\u00e7on optimale.                            <i class=\"fa fa-check\"><\/i>\n                    <\/li>\n            <li class=\"object-non-visible\" data-animation-effect=\"fade-in-up\" data-effect-delay=\"500\">\n            <strong>Axeasy<\/strong> offre ses services en plusieurs formats, adapt\u00e9s aux besoins et au profil sp\u00e9cifiques du client.?                            <i class=\"fa fa-check\"><\/i>\n                    <\/li>\n    <\/ul>\n\n<\/div>\n\n<div class=\"col-xs-12 col-sm-6\" style=\"background: transparent  center center no-repeat scroll;padding-top: 30px;margin-top: 0px;margin-bottom: 0px;\">\n\t\n<img loading=\"lazy\" decoding=\"async\" data-no-retina src=\"http:\/\/138.91.51.152\/wp-content\/uploads\/2020\/05\/brussel-axeasy-1024x493.jpg\" alt=\"brussel-axeasy\" width=\"1024\"\n     height=\"493\" class=\"img-responsive align-center  object-non-visible\" data-animation-effect=\"bounce-in-left-large\" data-effect-delay=\"0\"\/>\n<\/div><\/div>\n\n                <\/section>\n            <\/div>\n                    <\/div>\n    \n            <div class=\"bg-color-dark separator-triangles bottom glacier-section\" style=\"padding-top: 45px; padding-bottom: 45px; \" id=\"section-5667eef884006\">\n            <div class=\"container\">\n                <section>\n                    \n<div class=\"row\">\n\t\n\n<div class=\"col-xs-12 col-sm-12\" style=\"background: transparent  \">\n\t\n<div class=\"heading-block text-left heading-block-line\">\n\t<h2 class=\"special-heading\" >Qui est Axeasy<\/h2>\n\t<\/div><\/div><\/div>\n\n\n<div class=\"row\">\n\t\n\n<div class=\"col-xs-12 col-sm-6 col-md-3\" style=\"background: transparent  top left no-repeat scroll;\">\n\t\n    <div class=\"img-box team-member\">\n        <div class=\"mask-wrapper\">\n            <img decoding=\"async\" data-no-retina src=\"\/\/138.91.51.152\/wp-content\/uploads\/2020\/05\/Unknown-1-832x1024.jpg\" alt=\"Marieke Hoekstra\">\n                    <\/div>\n        <h3 class=\"text-center\">Marieke Hoekstra - Managing Director<\/h3>\n                    <p class=\"text-center\"><i class=\"fa fa-envelope pr-10\"><\/i><a href=\"mailto:marieke.hoekstra@axeasy.be\"> marieke.hoekstra@axeasy.be<\/a><\/p>\n            <\/div>\n<\/div><\/div>\n\n                <\/section>\n            <\/div>\n                    <\/div>\n    \n            <div class=\"glacier-section\" style=\"padding-top: 45px; padding-bottom: 45px; \" id=\"section-5a3ce5b5688cc\">\n            <div class=\"container\">\n                <section>\n                    \n<div class=\"row\">\n\t\n\n<div class=\"col-xs-12 col-sm-4\" style=\"background: transparent  top left no-repeat scroll;\">\n\t<div class=\"feature-box text-center media-box  object-non-visible\" data-animation-effect=\"fade-in\" data-effect-delay=\"0\">\n    <div class=\"fbox-media\">\n                    <a href=\"http:\/\/axeasy.be\/fr\/services\/vous-etes-un-consultant-desirant-travailler-en-belgique\/\" target=\"_self\">\n                <img loading=\"lazy\" decoding=\"async\" data-no-retina src=\"http:\/\/138.91.51.152\/wp-content\/uploads\/2020\/05\/architectural-design-architecture-building-business-443383-495x400.jpg\" alt=\"architectural-design-architecture-building-business-443383\" width=\"495\" height=\"400\" class=\"img-responsive\" \/>\n            <\/a>\n        \t<\/div>\n\t<div class=\"fbox-desc\">\n        <h2>Vous \u00eates un consultant d\u00e9sirant travailler en Belgique?<\/h2>\n        <span class=\"subtitle\">Aux consultants (freelance ou employ\u00e9s; europ\u00e9ens ou non-europ\u00e9ens), Axeasy offre \"Easy Access\" au march\u00e9 du travail en Belgique: nous vous aidons d'une fa\u00e7on neutre et ind\u00e9pendante \u00e0 r\u00e9gler toutes vos formalit\u00e9s administratives concernant la vie et le travail en Belgique.<\/span>\n        \n\n\n<a href=\"http:\/\/axeasy.be\/fr\/services\/vous-etes-un-consultant-desirant-travailler-en-belgique\/\" target=\"_self\" style=\"border-radius: 0px;\" class=\"btn btn-default  \">\n            Lire la suite        <i class=\"fa fa-angle-right pl-10\"><\/i> \n            <\/a>\n\n    <\/div>\n<\/div><\/div>\n\n<div class=\"col-xs-12 col-sm-4\" style=\"background: transparent  top left no-repeat scroll;\">\n\t<div class=\"feature-box text-center media-box  object-non-visible\" data-animation-effect=\"fade-in\" data-effect-delay=\"100\">\n    <div class=\"fbox-media\">\n                    <a href=\"http:\/\/axeasy.be\/fr\/services\/vous-etes-responsable-rh-au-sein-dune-entreprise\/\" target=\"_self\">\n                <img loading=\"lazy\" decoding=\"async\" data-no-retina src=\"http:\/\/138.91.51.152\/wp-content\/uploads\/2020\/05\/action-blur-bulb-dark-355904-495x400.jpg\" alt=\"action-blur-bulb-dark-355904\" width=\"495\" height=\"400\" class=\"img-responsive\" \/>\n            <\/a>\n        \t<\/div>\n\t<div class=\"fbox-desc\">\n        <h2>Vous \u00eates responsable RH au sein d\u2019une entreprise<\/h2>\n        <span class=\"subtitle\">Aux entreprises \u00e9tablies en Belgique, nous offrons Easy Access aux consultants europ\u00e9ens et non-europ\u00e9ens: avec notre aide, le recrutement de consultants \u00e9trangers devient nettement plus facile puisque nous pouvons r\u00e9gler les nombreuses proc\u00e9dures compliqu\u00e9es et encombrantes rapidement et efficacement.<\/span>\n        \n\n\n<a href=\"http:\/\/axeasy.be\/fr\/services\/vous-etes-responsable-rh-au-sein-dune-entreprise\/\" target=\"_self\" style=\"border-radius: 0px;\" class=\"btn btn-default  \">\n            Lire la suite        <i class=\"fa fa-angle-right pl-10\"><\/i> \n            <\/a>\n\n    <\/div>\n<\/div><\/div>\n\n<div class=\"col-xs-12 col-sm-4\" style=\"background: transparent  top left no-repeat scroll;\">\n\t<div class=\"feature-box text-center media-box  object-non-visible\" data-animation-effect=\"fade-in\" data-effect-delay=\"200\">\n    <div class=\"fbox-media\">\n                    <a href=\"http:\/\/axeasy.be\/fr\/services\/vous-etes-un-responsable-au-sein-dune-agence-de-recrutement\/\" target=\"_self\">\n                <img loading=\"lazy\" decoding=\"async\" data-no-retina src=\"http:\/\/138.91.51.152\/wp-content\/uploads\/2020\/05\/pexels-photo-398532-495x400.jpg\" alt=\"pexels-photo-398532\" width=\"495\" height=\"400\" class=\"img-responsive\" \/>\n            <\/a>\n        \t<\/div>\n\t<div class=\"fbox-desc\">\n        <h2>Vous \u00eates un responsable au sein d\u2019une agence de recrutement<\/h2>\n        <span class=\"subtitle\">Aux agences de recrutement belges et \u00e9trang\u00e8res, nous offrons de nombreuses possibilit\u00e9s de faciliter et de d\u00e9velopper leurs activit\u00e9s sur le march\u00e9 belge, gr\u00e2ce \u00e0 notre savoir-faire en mati\u00e8re de formalit\u00e9s concernant le personnel international en Belgique.<\/span>\n        \n\n\n<a href=\"http:\/\/axeasy.be\/fr\/services\/vous-etes-un-responsable-au-sein-dune-agence-de-recrutement\/\" target=\"_self\" style=\"border-radius: 0px;\" class=\"btn btn-default  \">\n            Lire la suite        <i class=\"fa fa-angle-right pl-10\"><\/i> \n            <\/a>\n\n    <\/div>\n<\/div><\/div><\/div>\n\n                <\/section>\n            <\/div>\n                    <\/div>\n    <\/p>\n","protected":false},"excerpt":{"rendered":"<p>BIENVENUE CHEZ AXEASY Votre partenaire dans les Solutions Outsourcing! Pourquoi Axeasy? Axeasy offre plusieurs services qui assurent \u00e0 ses clients un acc\u00e8s facile (Easy Access) au march\u00e9 belge du travail. Axeasy s&rsquo;est sp\u00e9cialis\u00e9 dans presque tous les aspects administratifs de l&#8217;embauche et de l&#8217;emploi de personnel national et international en Belgique. Axeasy est disponible pour [&hellip;]<\/p>\n","protected":false},"author":1,"featured_media":0,"parent":0,"menu_order":2,"comment_status":"closed","ping_status":"closed","template":"","meta":{"_exactmetrics_skip_tracking":false,"_exactmetrics_sitenote_active":false,"_exactmetrics_sitenote_note":"","_exactmetrics_sitenote_category":0,"footnotes":""},"class_list":["post-866","page","type-page","status-publish","hentry"],"aioseo_notices":[],"_links":{"self":[{"href":"http:\/\/axeasy.be\/fr\/wp-json\/wp\/v2\/pages\/866","targetHints":{"allow":["GET"]}}],"collection":[{"href":"http:\/\/axeasy.be\/fr\/wp-json\/wp\/v2\/pages"}],"about":[{"href":"http:\/\/axeasy.be\/fr\/wp-json\/wp\/v2\/types\/page"}],"author":[{"embeddable":true,"href":"http:\/\/axeasy.be\/fr\/wp-json\/wp\/v2\/users\/1"}],"replies":[{"embeddable":true,"href":"http:\/\/axeasy.be\/fr\/wp-json\/wp\/v2\/comments?post=866"}],"version-history":[{"count":7,"href":"http:\/\/axeasy.be\/fr\/wp-json\/wp\/v2\/pages\/866\/revisions"}],"predecessor-version":[{"id":1002,"href":"http:\/\/axeasy.be\/fr\/wp-json\/wp\/v2\/pages\/866\/revisions\/1002"}],"wp:attachment":[{"href":"http:\/\/axeasy.be\/fr\/wp-json\/wp\/v2\/media?parent=866"}],"curies":[{"name":"wp","href":"https:\/\/api.w.org\/{rel}","templated":true}]}}