{"id":848,"date":"2017-12-22T10:08:01","date_gmt":"2017-12-22T10:08:01","guid":{"rendered":"http:\/\/axeasy.cre-eight.be\/you-are-from-a-eu-member-state-and-you-wish-to-live-and-work-in-belgium\/"},"modified":"2017-12-27T13:10:08","modified_gmt":"2017-12-27T13:10:08","slug":"vous-etes-originaire-dun-etat-membre-de-lue","status":"publish","type":"page","link":"http:\/\/axeasy.be\/fr\/services\/vous-etes-originaire-dun-etat-membre-de-lue\/","title":{"rendered":"Vous \u00eates originaire d\u2019un \u00e9tat membre de l\u2019UE?"},"content":{"rendered":"\n            <div class=\"glacier-section\" style=\"padding-top: 0px; padding-bottom: 45px; \" id=\"section-5a3cd9da2c5d0\">\n            <div class=\"container\">\n                <section>\n                    \n<div class=\"row\">\n\t\n\n<div class=\"col-xs-12 col-sm-12\" style=\"background: transparent  \">\n\t\n<div class=\"heading-block text-left heading-block-line\">\n\t<h1 class=\"special-heading\" >Vous \u00eates originaire d\u2019un \u00e9tat membre de l\u2019UE?<\/h1>\n\t<\/div><div class=\"text-block shortcode-container\" style=\"font-size: 16px;\">\n\t<p>Toute personne d\u00e9sirant travailler en Belgique est tenue de r\u00e9gler un bon nombre de formalit\u00e9s standard, d\u2019une complexit\u00e9 parfois surprenante, exigeant un temps consid\u00e9rable:<\/p><p>Formalit\u00e9s standard:<\/p><p>formalit\u00e9s par rapport au logement (bail, \u2026)<br \/>inscription aupr\u00e8s de la commune, demande d\u2019un permis de s\u00e9jour, carte d\u2019identit\u00e9<br \/> assurances, assurance maladies<br \/>permis de conduire<br \/>ouvrir un compte en banque<br \/>Les autres obligations administratives auxquelles vous \u00eates tenu d\u00e9pendent du statut professionnel adopt\u00e9 (employ\u00e9, statut ind\u00e9pendant belge, statut d\u2019ind\u00e9pendant \u00e9tranger):<\/p><p>Si vous travaillez en Belgique sous le statut d\u2019employ\u00e9, nous vous aidons \u00e0 remplir les formalit\u00e9s standard (voir ci-dessus), ainsi que les formalit\u00e9s relatives \u00e0:<\/p><p>votre s\u00e9curit\u00e9 sociale<br \/>votre d\u00e9claration d\u2019imp\u00f4ts<br \/>Si vous \u00eates un ind\u00e9pendant originaire d\u2019un \u00e9tat membre de l\u2019Union europ\u00e9enne et vous d\u00e9sirez travailler temporairement en Belgique, nous pouvons vous aider \u00e0 remplir les formalit\u00e9s standard (voir ci-dessus), ainsi que les formalit\u00e9s relatives \u00e0:<\/p><p>votre d\u00e9claration \u201cLimosa\u201d, une l\u00e9gislation sp\u00e9cifique aux employ\u00e9s et aux ind\u00e9pendants \u00e9trangers en Belgique, entra\u00eenant des cons\u00e9quences p\u00e9nales<br \/>votre formulaire E101, un document prouvant que vous payez votre s\u00e9curit\u00e9 sociale dans le pays o\u00f9 vous avez le statut d\u2019ind\u00e9pendant<br \/>Si vous d\u00e9sirez vous \u00e9tablir en tant qu\u2019ind\u00e9pendant en Belgique, nous pouvons vous aider \u00e0 remplir les formalit\u00e9s standard (voir ci-dessus), ainsi que les formalit\u00e9s relatives \u00e0:<\/p><p>la demande d\u2019un num\u00e9ro de TVA<br \/>votre s\u00e9curit\u00e9 sociale<br \/>votre d\u00e9claration d\u2019imp\u00f4ts<br \/>la facturation<\/p><\/div><div class=\"fw-call-to-action\">\n\t<div class=\"fw-action-content\">\n\t\t\t\t<h2>Int\u00e9ressant?<\/h2>\n\t\t\t\t<p>Si nos services vous int\u00e9ressent, contactez-nous pour plus d\u2019informations<\/p>\n\t<\/div>\n\t<div class=\"fw-action-btn\">\n\t\t<a href=\"\/fr\/contact\" class=\"fw-btn fw-btn-1\" target=\"_self\">\n\t\t\t<span>Contactez-nous<\/span>\n\t\t<\/a>\n\t<\/div>\n<\/div><\/div><\/div>\n\n                <\/section>\n            <\/div>\n                    <\/div>\n    \n","protected":false},"excerpt":{"rendered":"<p>Vous \u00eates originaire d\u2019un \u00e9tat membre de l\u2019UE? Toute personne d\u00e9sirant travailler en Belgique est tenue de r\u00e9gler un bon nombre de formalit\u00e9s standard, d\u2019une complexit\u00e9 parfois surprenante, exigeant un temps consid\u00e9rable:Formalit\u00e9s standard:formalit\u00e9s par rapport au logement (bail, \u2026)inscription aupr\u00e8s de la commune, demande d\u2019un permis de s\u00e9jour, carte d\u2019identit\u00e9 assurances, assurance maladiespermis de conduireouvrir [&hellip;]<\/p>\n","protected":false},"author":1,"featured_media":0,"parent":871,"menu_order":0,"comment_status":"closed","ping_status":"closed","template":"","meta":{"_exactmetrics_skip_tracking":false,"_exactmetrics_sitenote_active":false,"_exactmetrics_sitenote_note":"","_exactmetrics_sitenote_category":0,"footnotes":""},"class_list":["post-848","page","type-page","status-publish","hentry"],"aioseo_notices":[],"_links":{"self":[{"href":"http:\/\/axeasy.be\/fr\/wp-json\/wp\/v2\/pages\/848","targetHints":{"allow":["GET"]}}],"collection":[{"href":"http:\/\/axeasy.be\/fr\/wp-json\/wp\/v2\/pages"}],"about":[{"href":"http:\/\/axeasy.be\/fr\/wp-json\/wp\/v2\/types\/page"}],"author":[{"embeddable":true,"href":"http:\/\/axeasy.be\/fr\/wp-json\/wp\/v2\/users\/1"}],"replies":[{"embeddable":true,"href":"http:\/\/axeasy.be\/fr\/wp-json\/wp\/v2\/comments?post=848"}],"version-history":[{"count":3,"href":"http:\/\/axeasy.be\/fr\/wp-json\/wp\/v2\/pages\/848\/revisions"}],"predecessor-version":[{"id":851,"href":"http:\/\/axeasy.be\/fr\/wp-json\/wp\/v2\/pages\/848\/revisions\/851"}],"up":[{"embeddable":true,"href":"http:\/\/axeasy.be\/fr\/wp-json\/wp\/v2\/pages\/871"}],"wp:attachment":[{"href":"http:\/\/axeasy.be\/fr\/wp-json\/wp\/v2\/media?parent=848"}],"curies":[{"name":"wp","href":"https:\/\/api.w.org\/{rel}","templated":true}]}}