{"id":841,"date":"2015-02-18T16:55:42","date_gmt":"2015-02-18T16:55:42","guid":{"rendered":"http:\/\/axeasy.cre-eight.be\/u-bent-een-consultant-die-in-belgie-wil-komen-werken\/"},"modified":"2020-05-06T11:12:13","modified_gmt":"2020-05-06T11:12:13","slug":"vous-etes-un-consultant-desirant-travailler-en-belgique","status":"publish","type":"page","link":"http:\/\/axeasy.be\/fr\/services\/vous-etes-un-consultant-desirant-travailler-en-belgique\/","title":{"rendered":"Pour consultants"},"content":{"rendered":"<style type=\"text\/css\"> .glacier-section .heading-block.text-center.heading-block-line h3.special-heading{\ncolor: #F8F8F8!important;\n}\n.glacier-section .col-xs-12.col-sm-6{\ntext-align: center;\n}<\/style>\n            <div class=\"glacier-section\" style=\"padding-top: 0px; padding-bottom: 45px; \" id=\"section-5a3a797218841\">\n            <div class=\"container\">\n                <section>\n                    \n<div class=\"row\">\n\t\n\n<div class=\"col-xs-12 col-sm-12\" style=\"background: transparent  \">\n\t\n<div class=\"heading-block text-left heading-block-line\">\n\t<h2 class=\"special-heading\" >Vous \u00eates un consultant d\u00e9sirant travailler en Belgique?<\/h2>\n\t<\/div><\/div><\/div>\n\n\n<div class=\"row\">\n\t\n\n<div class=\"col-xs-12 col-sm-12\" style=\"background: transparent  \">\n\t<div class=\"text-block shortcode-container\" style=\"font-size: 16px;\">\n\t<p>Aux consultants (freelance ou employ\u00e9s; europ\u00e9ens ou non-europ\u00e9ens), Axeasy offre \u201cEasy Access\u201d au march\u00e9 du travail en Belgique: nous vous aidons d\u2019une fa\u00e7on neutre et ind\u00e9pendante \u00e0 r\u00e9gler toutes vos formalit\u00e9s administratives concernant la vie et le travail en Belgique.<br \/>Vous \u00eates consultant et vous avez re\u00e7u une offre pour venir travailler en Belgique. Vous avez sans doute entendu parler de la structure administrative particuli\u00e8rement complexe de ce pays, des probl\u00e8mes linguistiques, de la l\u00e9gislation du travail et de la l\u00e9gislation sociale compliqu\u00e9es et en perp\u00e9tuelle \u00e9volution, de la bureaucratie qui transforme m\u00eames les formalit\u00e9s les plus simples en vrai casse-t\u00eate, \u2026<\/p><p>Vous arriverez bient\u00f4t en Belgique (ou vous \u00eates d\u00e9j\u00e0 arriv\u00e9!) et vous voulez vous mettre au travail le plus t\u00f4t possible, mais vous \u00eates confront\u00e9 \u00e0 un tas de probl\u00e8mes pratiques, que vous n\u2019avez pas vraiment le temps de r\u00e9gler. O\u00f9 est-ce que je vais habiter? Qu\u2019est-ce que je dois faire afin de m\u2019\u00e9tablir l\u00e9galement dans une commune belge? Quel statut professionnel faut-il adopter (employ\u00e9, ind\u00e9pendant, avec ma propre entreprise ou non, \u2026?) et quelles sont les formalit\u00e9s que je dois remplir \u00e0 cette fin? Quelles sont mes obligations fiscales et sociales? Comment trouver mon chemin dans le labyrinthe des diff\u00e9rentes administrations belges?<\/p><p>Nous pouvons vous aider \u00e0 trouver la bonne r\u00e9ponse \u00e0 toutes ces questions. Les services offerts par Axeasy sont le r\u00e9sultat de nombreuses ann\u00e9es d\u2019exp\u00e9rience pratique: notre \u00e9quipe dispose d\u2019un savoir-faire pratique consid\u00e9rable concernant quasiment tous les probl\u00e8mes, administratifs et autres, auxquels un consultant \u00e9tranger en Belgique est confront\u00e9. Notre approche personnelle et confidentielle nous permet, en outre, de prendre en compte vos probl\u00e8mes et vos besoins sp\u00e9cifiques. D\u00e8s votre arriv\u00e9e en Belgique, nous vous aiderons \u00e0 r\u00e9gler de fa\u00e7on souple et efficace toutes les formalit\u00e9s administratives concernant votre s\u00e9jour et votre emploi.<\/p><p>Selon la sp\u00e9cificit\u00e9 de votre profil, nous \u00e9tudierons toutes les possibilit\u00e9s qui se pr\u00e9sentent pour vous offrir la solution la plus avantageuse.<\/p><p>Celle-ci peut varier en fonction de votre pays d\u2019origine, \u00e9tat membre de l\u2019Union europ\u00e9enne ou non:<\/p><\/div><\/div><\/div>\n\n\n<div class=\"row\">\n\t\n\n<div class=\"col-xs-12 col-sm-6\" style=\"color: #f8f8f8;background: #2e343a top left no-repeat scroll;padding-top: 20px;padding-right: 20px;padding-bottom: 20px;padding-left: 20px;margin-top: 0px;margin-bottom: 0px;\">\n\t\n<div class=\"heading-block text-center heading-block-line\">\n\t<h3 class=\"special-heading\" >Vous \u00eates un consultant europ\u00e9en (U.E.)?<\/h3>\n\t<\/div>\n\t<a href=\"http:\/\/axeasy.be\/fr\/services\/vous-etes-originaire-dun-etat-membre-de-lue\/\" target=\"_self\">\n<img loading=\"lazy\" decoding=\"async\" data-no-retina src=\"http:\/\/138.91.51.152\/wp-content\/uploads\/2020\/05\/europe-5400x3604.jpg\" alt=\"europe\" width=\"5400\"\n     height=\"3604\" class=\"img-responsive align-center  object-non-visible\" data-animation-effect=\"fade-in-up-large\" data-effect-delay=\"0\"\/>\n\t<\/a>\n\n\n\n<a href=\"http:\/\/axeasy.be\/fr\/services\/vous-etes-originaire-dun-etat-membre-de-lue\/\" target=\"_self\" style=\"border-radius: 0px;\" class=\"btn btn-default btn-lg  object-non-visible\" data-animation-effect=\"fade-in\" data-effect-delay=\"0\">\n            Cliquez ici pour plus d\u2019informations.        <i class=\"fa fa-angle-right pl-10\"><\/i> \n            <\/a>\n\n<\/div>\n\n<div class=\"col-xs-12 col-sm-6\" style=\"color: #f8f8f8;background: #2e343a top left no-repeat scroll;padding-top: 20px;padding-right: 20px;padding-bottom: 20px;padding-left: 20px;margin-top: 0px;margin-bottom: 0px;\">\n\t\n<div class=\"heading-block text-center heading-block-line\">\n\t<h3 class=\"special-heading\" >Vous \u00eates un consultant non-europ\u00e9en (non-U.E.)?<\/h3>\n\t<\/div>\n\t<a href=\"http:\/\/axeasy.be\/fr\/services\/vous-etes-originaire-dun-pays-qui-nest-pas-membre-de-lue\/\" target=\"_self\">\n<img loading=\"lazy\" decoding=\"async\" data-no-retina src=\"http:\/\/138.91.51.152\/wp-content\/uploads\/2020\/05\/worldwide-5184x3456.jpg\" alt=\"worldwide\" width=\"5184\"\n     height=\"3456\" class=\"img-responsive align-center  object-non-visible\" data-animation-effect=\"fade-in-up-large\" data-effect-delay=\"0\"\/>\n\t<\/a>\n\n\n\n<a href=\"http:\/\/axeasy.be\/fr\/services\/vous-etes-originaire-dun-pays-qui-nest-pas-membre-de-lue\/\" target=\"_self\" style=\"border-radius: 0px;\" class=\"btn btn-default btn-lg  object-non-visible\" data-animation-effect=\"fade-in\" data-effect-delay=\"0\">\n            Cliquez ici pour plus d\u2019informations.        <i class=\"fa fa-angle-right pl-10\"><\/i> \n            <\/a>\n\n<\/div><\/div>\n\n                <\/section>\n            <\/div>\n                    <\/div>\n    \n","protected":false},"excerpt":{"rendered":"<p>Vous \u00eates un consultant d\u00e9sirant travailler en Belgique? Aux consultants (freelance ou employ\u00e9s; europ\u00e9ens ou non-europ\u00e9ens), Axeasy offre \u201cEasy Access\u201d au march\u00e9 du travail en Belgique: nous vous aidons d\u2019une fa\u00e7on neutre et ind\u00e9pendante \u00e0 r\u00e9gler toutes vos formalit\u00e9s administratives concernant la vie et le travail en Belgique.Vous \u00eates consultant et vous avez re\u00e7u une [&hellip;]<\/p>\n","protected":false},"author":1,"featured_media":0,"parent":871,"menu_order":1,"comment_status":"open","ping_status":"closed","template":"","meta":{"_exactmetrics_skip_tracking":false,"_exactmetrics_sitenote_active":false,"_exactmetrics_sitenote_note":"","_exactmetrics_sitenote_category":0,"footnotes":""},"class_list":["post-841","page","type-page","status-publish","hentry"],"aioseo_notices":[],"_links":{"self":[{"href":"http:\/\/axeasy.be\/fr\/wp-json\/wp\/v2\/pages\/841","targetHints":{"allow":["GET"]}}],"collection":[{"href":"http:\/\/axeasy.be\/fr\/wp-json\/wp\/v2\/pages"}],"about":[{"href":"http:\/\/axeasy.be\/fr\/wp-json\/wp\/v2\/types\/page"}],"author":[{"embeddable":true,"href":"http:\/\/axeasy.be\/fr\/wp-json\/wp\/v2\/users\/1"}],"replies":[{"embeddable":true,"href":"http:\/\/axeasy.be\/fr\/wp-json\/wp\/v2\/comments?post=841"}],"version-history":[{"count":5,"href":"http:\/\/axeasy.be\/fr\/wp-json\/wp\/v2\/pages\/841\/revisions"}],"predecessor-version":[{"id":1007,"href":"http:\/\/axeasy.be\/fr\/wp-json\/wp\/v2\/pages\/841\/revisions\/1007"}],"up":[{"embeddable":true,"href":"http:\/\/axeasy.be\/fr\/wp-json\/wp\/v2\/pages\/871"}],"wp:attachment":[{"href":"http:\/\/axeasy.be\/fr\/wp-json\/wp\/v2\/media?parent=841"}],"curies":[{"name":"wp","href":"https:\/\/api.w.org\/{rel}","templated":true}]}}